{"id":11,"date":"2024-07-11T09:10:58","date_gmt":"2024-07-11T09:10:58","guid":{"rendered":"https:\/\/cardiologobarcelona.com\/?page_id=11"},"modified":"2024-10-30T07:50:38","modified_gmt":"2024-10-30T07:50:38","slug":"inicio","status":"publish","type":"page","link":"https:\/\/cardiologobarcelona.com\/ca\/","title":{"rendered":"INICIO"},"content":{"rendered":"\t\t<div data-elementor-type=\"wp-page\" data-elementor-id=\"11\" class=\"elementor elementor-11\" data-elementor-post-type=\"page\">\n\t\t\t\t<div class=\"elementor-element elementor-element-04e2b27 e-con-full e-flex e-con e-parent\" data-id=\"04e2b27\" data-element_type=\"container\" data-e-type=\"container\" data-settings=\"{&quot;background_background&quot;:&quot;slideshow&quot;,&quot;background_slideshow_gallery&quot;:[{&quot;id&quot;:201,&quot;url&quot;:&quot;https:\\\/\\\/cardiologobarcelona.com\\\/wp-content\\\/uploads\\\/2024\\\/07\\\/about.jpg&quot;},{&quot;id&quot;:196,&quot;url&quot;:&quot;https:\\\/\\\/cardiologobarcelona.com\\\/wp-content\\\/uploads\\\/2024\\\/07\\\/CARDIOLOGO8.jpg&quot;},{&quot;id&quot;:171,&quot;url&quot;:&quot;https:\\\/\\\/cardiologobarcelona.com\\\/wp-content\\\/uploads\\\/2024\\\/07\\\/parallax.jpg&quot;},{&quot;id&quot;:225,&quot;url&quot;:&quot;https:\\\/\\\/cardiologobarcelona.com\\\/wp-content\\\/uploads\\\/2024\\\/07\\\/cabecera-2-1.jpeg&quot;}],&quot;background_slideshow_loop&quot;:&quot;yes&quot;,&quot;background_slideshow_slide_duration&quot;:5000,&quot;background_slideshow_slide_transition&quot;:&quot;fade&quot;,&quot;background_slideshow_transition_duration&quot;:500}\">\n\t\t\t\t<div class=\"elementor-element elementor-element-8d6893b elementor-widget elementor-widget-heading\" data-id=\"8d6893b\" data-element_type=\"widget\" data-e-type=\"widget\" data-widget_type=\"heading.default\">\n\t\t\t\t<div class=\"elementor-widget-container\">\n\t\t\t\t\t<h2 class=\"elementor-heading-title elementor-size-default\">Especialista en Salud Cardiovascular<\/h2>\t\t\t\t<\/div>\n\t\t\t\t<\/div>\n\t\t\t\t<\/div>\n\t\t<div class=\"elementor-element elementor-element-29637b7 e-flex e-con-boxed e-con e-parent\" data-id=\"29637b7\" data-element_type=\"container\" data-e-type=\"container\">\n\t\t\t\t\t<div class=\"e-con-inner\">\n\t\t<div class=\"elementor-element elementor-element-688fb3f e-con-full e-flex e-con e-child\" data-id=\"688fb3f\" data-element_type=\"container\" data-e-type=\"container\">\n\t\t\t\t<div class=\"elementor-element elementor-element-d3cdeb5 elementor-widget elementor-widget-heading\" data-id=\"d3cdeb5\" data-element_type=\"widget\" data-e-type=\"widget\" data-widget_type=\"heading.default\">\n\t\t\t\t<div class=\"elementor-widget-container\">\n\t\t\t\t\t<h1 class=\"elementor-heading-title elementor-size-default\">Dr. Oller, Cardi\u00f3logo en Barcelona<\/h1>\t\t\t\t<\/div>\n\t\t\t\t<\/div>\n\t\t\t\t<div class=\"elementor-element elementor-element-74f6194 elementor-widget elementor-widget-heading\" data-id=\"74f6194\" data-element_type=\"widget\" data-e-type=\"widget\" data-widget_type=\"heading.default\">\n\t\t\t\t<div class=\"elementor-widget-container\">\n\t\t\t\t\t<h5 class=\"elementor-heading-title elementor-size-default\">Director M\u00e9dico de INSCOR<\/h5>\t\t\t\t<\/div>\n\t\t\t\t<\/div>\n\t\t\t\t<div class=\"elementor-element elementor-element-29eba26 elementor-widget elementor-widget-text-editor\" data-id=\"29eba26\" data-element_type=\"widget\" data-e-type=\"widget\" data-widget_type=\"text-editor.default\">\n\t\t\t\t<div class=\"elementor-widget-container\">\n\t\t\t\t\t\t\t\t\t<p>El Dr. Oller es ampliamente reconocido como el cardi\u00f3logo de referencia en Barcelona. Con una s\u00f3lida trayectoria y un compromiso inquebrantable con la salud cardiovascular, el Dr. Oller se ha consolidado como un l\u00edder en su campo, ofreciendo atenci\u00f3n de primera calidad a sus pacientes.<\/p><p>Su actividad profesional se centra principalmente en la cardiolog\u00eda cl\u00ednica y la cardiolog\u00eda deportiva. Con una dedicaci\u00f3n incansable y un enfoque personalizado, el Dr. Oller se especializa en el diagn\u00f3stico, tratamiento y manejo de una amplia variedad de enfermedades cardiovasculares, as\u00ed como en la optimizaci\u00f3n de la salud cardiovascular de los deportistas.<\/p><p>El Dr. Oller combina su vasta experiencia en cardiolog\u00eda cl\u00ednica y deportiva para ofrecer una atenci\u00f3n cardiovascular integral y de alta calidad. Su enfoque centrado en el paciente, respaldado por su participaci\u00f3n en investigaciones, asegura que cada paciente reciba el mejor cuidado posible.<\/p>\t\t\t\t\t\t\t\t<\/div>\n\t\t\t\t<\/div>\n\t\t\t\t<div class=\"elementor-element elementor-element-fb700ac elementor-widget elementor-widget-image\" data-id=\"fb700ac\" data-element_type=\"widget\" data-e-type=\"widget\" data-widget_type=\"image.default\">\n\t\t\t\t<div class=\"elementor-widget-container\">\n\t\t\t\t\t\t\t\t\t\t\t\t\t\t\t\t<a href=\"http:\/\/inscorbcn.com\" target=\"_blank\" rel=\"noopener\">\n\t\t\t\t\t\t\t<img decoding=\"async\" width=\"250\" height=\"74\" src=\"https:\/\/cardiologobarcelona.com\/wp-content\/uploads\/2024\/07\/logo_inscor.png\" class=\"attachment-large size-large wp-image-117\" alt=\"\" \/>\t\t\t\t\t\t\t\t<\/a>\n\t\t\t\t\t\t\t\t\t\t\t\t\t\t\t<\/div>\n\t\t\t\t<\/div>\n\t\t\t\t<\/div>\n\t\t<div class=\"elementor-element elementor-element-a78f31c e-con-full e-flex e-con e-child\" data-id=\"a78f31c\" data-element_type=\"container\" data-e-type=\"container\">\n\t\t\t\t<div class=\"elementor-element elementor-element-36d561c elementor-widget elementor-widget-image\" data-id=\"36d561c\" data-element_type=\"widget\" data-e-type=\"widget\" data-widget_type=\"image.default\">\n\t\t\t\t<div class=\"elementor-widget-container\">\n\t\t\t\t\t\t\t\t\t\t\t\t\t\t\t<img fetchpriority=\"high\" decoding=\"async\" width=\"769\" height=\"1024\" src=\"https:\/\/cardiologobarcelona.com\/wp-content\/uploads\/2024\/10\/oller-vertical-769x1024.jpg\" class=\"attachment-large size-large wp-image-471\" alt=\"\" srcset=\"https:\/\/cardiologobarcelona.com\/wp-content\/uploads\/2024\/10\/oller-vertical-769x1024.jpg 769w, https:\/\/cardiologobarcelona.com\/wp-content\/uploads\/2024\/10\/oller-vertical-225x300.jpg 225w, https:\/\/cardiologobarcelona.com\/wp-content\/uploads\/2024\/10\/oller-vertical-768x1022.jpg 768w, https:\/\/cardiologobarcelona.com\/wp-content\/uploads\/2024\/10\/oller-vertical.jpg 828w\" sizes=\"(max-width: 769px) 100vw, 769px\" \/>\t\t\t\t\t\t\t\t\t\t\t\t\t\t\t<\/div>\n\t\t\t\t<\/div>\n\t\t\t\t<\/div>\n\t\t\t\t\t<\/div>\n\t\t\t\t<\/div>\n\t\t<div class=\"elementor-element elementor-element-8f9c698 e-flex e-con-boxed e-con e-parent\" data-id=\"8f9c698\" data-element_type=\"container\" data-e-type=\"container\" data-settings=\"{&quot;background_background&quot;:&quot;classic&quot;}\">\n\t\t\t\t\t<div class=\"e-con-inner\">\n\t\t\t\t<div class=\"elementor-element elementor-element-9365b95 elementor-widget elementor-widget-heading\" data-id=\"9365b95\" data-element_type=\"widget\" data-e-type=\"widget\" data-widget_type=\"heading.default\">\n\t\t\t\t<div class=\"elementor-widget-container\">\n\t\t\t\t\t<h2 class=\"elementor-heading-title elementor-size-default\">Experto en Cardiolog\u00eda Cl\u00ednica y Cardiolog\u00eda Deportiva en Barcelona<\/h2>\t\t\t\t<\/div>\n\t\t\t\t<\/div>\n\t\t\t\t\t<\/div>\n\t\t\t\t<\/div>\n\t\t<div class=\"elementor-element elementor-element-9c0a917 e-flex e-con-boxed e-con e-parent\" data-id=\"9c0a917\" data-element_type=\"container\" data-e-type=\"container\" data-settings=\"{&quot;background_background&quot;:&quot;classic&quot;}\">\n\t\t\t\t\t<div class=\"e-con-inner\">\n\t\t<div class=\"elementor-element elementor-element-caabb49 e-con-full e-flex e-con e-child\" data-id=\"caabb49\" data-element_type=\"container\" data-e-type=\"container\">\n\t\t\t\t<div class=\"elementor-element elementor-element-0d9a6b6 elementor-position-top elementor-widget elementor-widget-image-box\" data-id=\"0d9a6b6\" data-element_type=\"widget\" data-e-type=\"widget\" data-widget_type=\"image-box.default\">\n\t\t\t\t<div class=\"elementor-widget-container\">\n\t\t\t\t\t<div class=\"elementor-image-box-wrapper\"><figure class=\"elementor-image-box-img\"><img decoding=\"async\" width=\"750\" height=\"500\" src=\"https:\/\/cardiologobarcelona.com\/wp-content\/uploads\/2024\/07\/CARDIOLOGO2.jpg\" class=\"attachment-full size-full wp-image-130\" alt=\"\" srcset=\"https:\/\/cardiologobarcelona.com\/wp-content\/uploads\/2024\/07\/CARDIOLOGO2.jpg 750w, https:\/\/cardiologobarcelona.com\/wp-content\/uploads\/2024\/07\/CARDIOLOGO2-300x200.jpg 300w\" sizes=\"(max-width: 750px) 100vw, 750px\" \/><\/figure><div class=\"elementor-image-box-content\"><h3 class=\"elementor-image-box-title\">Cardiolog\u00eda Cl\u00ednica<\/h3><p class=\"elementor-image-box-description\">En el \u00e1mbito de la cardiolog\u00eda cl\u00ednica, el Dr. Oller aborda diversas enfermedades cardiovasculares con un enfoque integral y basado en la evidencia<\/p><\/div><\/div>\t\t\t\t<\/div>\n\t\t\t\t<\/div>\n\t\t\t\t<\/div>\n\t\t<div class=\"elementor-element elementor-element-abdd9ff e-con-full e-flex e-con e-child\" data-id=\"abdd9ff\" data-element_type=\"container\" data-e-type=\"container\">\n\t\t\t\t<div class=\"elementor-element elementor-element-463e6ad elementor-position-top elementor-widget elementor-widget-image-box\" data-id=\"463e6ad\" data-element_type=\"widget\" data-e-type=\"widget\" data-widget_type=\"image-box.default\">\n\t\t\t\t<div class=\"elementor-widget-container\">\n\t\t\t\t\t<div class=\"elementor-image-box-wrapper\"><figure class=\"elementor-image-box-img\"><img loading=\"lazy\" decoding=\"async\" width=\"750\" height=\"500\" src=\"https:\/\/cardiologobarcelona.com\/wp-content\/uploads\/2024\/07\/CARDIOLOGO3.jpg\" class=\"attachment-full size-full wp-image-131\" alt=\"\" srcset=\"https:\/\/cardiologobarcelona.com\/wp-content\/uploads\/2024\/07\/CARDIOLOGO3.jpg 750w, https:\/\/cardiologobarcelona.com\/wp-content\/uploads\/2024\/07\/CARDIOLOGO3-300x200.jpg 300w\" sizes=\"(max-width: 750px) 100vw, 750px\" \/><\/figure><div class=\"elementor-image-box-content\"><h3 class=\"elementor-image-box-title\">Hipertensi\u00f3n arterial<\/h3><p class=\"elementor-image-box-description\">Especialista en el manejo de esta condici\u00f3n. Su enfoque abarca desde cambios en el estilo de vida y terapias farmacol\u00f3gicas hasta t\u00e9cnicas avanzadas para controlar la presi\u00f3n arterial y reducir el riesgo de complicaciones cardiovasculares.<\/p><\/div><\/div>\t\t\t\t<\/div>\n\t\t\t\t<\/div>\n\t\t\t\t<\/div>\n\t\t<div class=\"elementor-element elementor-element-993417f e-con-full e-flex e-con e-child\" data-id=\"993417f\" data-element_type=\"container\" data-e-type=\"container\">\n\t\t\t\t<div class=\"elementor-element elementor-element-bacb068 elementor-position-top elementor-widget elementor-widget-image-box\" data-id=\"bacb068\" data-element_type=\"widget\" data-e-type=\"widget\" data-widget_type=\"image-box.default\">\n\t\t\t\t<div class=\"elementor-widget-container\">\n\t\t\t\t\t<div class=\"elementor-image-box-wrapper\"><figure class=\"elementor-image-box-img\"><img loading=\"lazy\" decoding=\"async\" width=\"750\" height=\"500\" src=\"https:\/\/cardiologobarcelona.com\/wp-content\/uploads\/2024\/07\/CARDIOLOGO5.jpg\" class=\"attachment-full size-full wp-image-132\" alt=\"\" srcset=\"https:\/\/cardiologobarcelona.com\/wp-content\/uploads\/2024\/07\/CARDIOLOGO5.jpg 750w, https:\/\/cardiologobarcelona.com\/wp-content\/uploads\/2024\/07\/CARDIOLOGO5-300x200.jpg 300w\" sizes=\"(max-width: 750px) 100vw, 750px\" \/><\/figure><div class=\"elementor-image-box-content\"><h3 class=\"elementor-image-box-title\">Cardiolog\u00eda y el deporte<\/h3><p class=\"elementor-image-box-description\">Adem\u00e1s de su trabajo en cardiolog\u00eda cl\u00ednica, el Dr. Oller es un experto en cardiolog\u00eda deportiva, una disciplina que se enfoca en la salud cardiovascular de los atletas y personas f\u00edsicamente activas.<\/p><\/div><\/div>\t\t\t\t<\/div>\n\t\t\t\t<\/div>\n\t\t\t\t<\/div>\n\t\t\t\t\t<\/div>\n\t\t\t\t<\/div>\n\t\t<div class=\"elementor-element elementor-element-378b907 e-flex e-con-boxed e-con e-parent\" data-id=\"378b907\" data-element_type=\"container\" data-e-type=\"container\">\n\t\t\t\t\t<div class=\"e-con-inner\">\n\t\t<div class=\"elementor-element elementor-element-3838eca e-con-full e-flex e-con e-child\" data-id=\"3838eca\" data-element_type=\"container\" data-e-type=\"container\">\n\t\t\t\t<div class=\"elementor-element elementor-element-90cba3a elementor-widget elementor-widget-image\" data-id=\"90cba3a\" data-element_type=\"widget\" data-e-type=\"widget\" data-widget_type=\"image.default\">\n\t\t\t\t<div class=\"elementor-widget-container\">\n\t\t\t\t\t\t\t\t\t\t\t\t\t\t\t<img loading=\"lazy\" decoding=\"async\" width=\"921\" height=\"1024\" src=\"https:\/\/cardiologobarcelona.com\/wp-content\/uploads\/2024\/07\/oller2-921x1024.jpg\" class=\"attachment-large size-large wp-image-206\" alt=\"\" srcset=\"https:\/\/cardiologobarcelona.com\/wp-content\/uploads\/2024\/07\/oller2-921x1024.jpg 921w, https:\/\/cardiologobarcelona.com\/wp-content\/uploads\/2024\/07\/oller2-270x300.jpg 270w, https:\/\/cardiologobarcelona.com\/wp-content\/uploads\/2024\/07\/oller2-768x854.jpg 768w, https:\/\/cardiologobarcelona.com\/wp-content\/uploads\/2024\/07\/oller2.jpg 1201w\" sizes=\"(max-width: 921px) 100vw, 921px\" \/>\t\t\t\t\t\t\t\t\t\t\t\t\t\t\t<\/div>\n\t\t\t\t<\/div>\n\t\t\t\t<\/div>\n\t\t<div class=\"elementor-element elementor-element-5004cf2 e-con-full e-flex e-con e-child\" data-id=\"5004cf2\" data-element_type=\"container\" data-e-type=\"container\">\n\t\t\t\t<div class=\"elementor-element elementor-element-14cf32e elementor-widget elementor-widget-heading\" data-id=\"14cf32e\" data-element_type=\"widget\" data-e-type=\"widget\" data-widget_type=\"heading.default\">\n\t\t\t\t<div class=\"elementor-widget-container\">\n\t\t\t\t\t<h2 class=\"elementor-heading-title elementor-size-default\">Por qu\u00e9 elegir al Dr. Oller como su cardi\u00f3logo en Barcelona<\/h2>\t\t\t\t<\/div>\n\t\t\t\t<\/div>\n\t\t\t\t<div class=\"elementor-element elementor-element-7bcf4c7 elementor-widget elementor-widget-text-editor\" data-id=\"7bcf4c7\" data-element_type=\"widget\" data-e-type=\"widget\" data-widget_type=\"text-editor.default\">\n\t\t\t\t<div class=\"elementor-widget-container\">\n\t\t\t\t\t\t\t\t\t<p><span style=\"color: #000000;\"><strong>Experiencia y Liderazgo:<\/strong><\/span> Con a\u00f1os de experiencia y una posici\u00f3n destacada en INSCOR, el Dr. Oller ofrece una atenci\u00f3n experta y personalizada.<\/p><p><span style=\"color: #000000;\"><strong>Investigaci\u00f3n Innovadora:<\/strong><\/span> Sus publicaciones internacionales en cardiolog\u00eda nuclear demuestran su compromiso con la innovaci\u00f3n y la excelencia en el tratamiento cardiovascular.<\/p><p><span style=\"color: #000000;\"><strong>Compromiso Deportivo:<\/strong><\/span> Su rol en la Federaci\u00f3n Catalana de Automovilismo subraya su dedicaci\u00f3n a la salud en el deporte, asegurando que sus conocimientos beneficien tanto a pacientes como a atletas.<\/p><p><span style=\"color: #000000;\"><strong>Atenci\u00f3n Integral:<\/strong><\/span> El Dr. Oller se especializa en la hipertensi\u00f3n arterial y factores de riesgo, ofreciendo un enfoque integral para el manejo de estas condiciones.<\/p>\t\t\t\t\t\t\t\t<\/div>\n\t\t\t\t<\/div>\n\t\t\t\t<div class=\"elementor-element elementor-element-faf7752 elementor-hidden-tablet elementor-hidden-mobile elementor-widget elementor-widget-image\" data-id=\"faf7752\" data-element_type=\"widget\" data-e-type=\"widget\" data-widget_type=\"image.default\">\n\t\t\t\t<div class=\"elementor-widget-container\">\n\t\t\t\t\t\t\t\t\t\t\t\t\t\t\t\t<a href=\"http:\/\/inscorbcn.com\" target=\"_blank\" rel=\"noopener\">\n\t\t\t\t\t\t\t<img decoding=\"async\" width=\"250\" height=\"74\" src=\"https:\/\/cardiologobarcelona.com\/wp-content\/uploads\/2024\/07\/logo_inscor.png\" class=\"attachment-large size-large wp-image-117\" alt=\"\" \/>\t\t\t\t\t\t\t\t<\/a>\n\t\t\t\t\t\t\t\t\t\t\t\t\t\t\t<\/div>\n\t\t\t\t<\/div>\n\t\t\t\t<\/div>\n\t\t\t\t\t<\/div>\n\t\t\t\t<\/div>\n\t\t\t\t<\/div>\n\t\t","protected":false},"excerpt":{"rendered":"<p>Especialista en Salud Cardiovascular Dr. Oller, Cardi\u00f3logo en Barcelona Director M\u00e9dico de INSCOR El Dr. Oller es ampliamente reconocido como [&hellip;]<\/p>\n","protected":false},"author":1,"featured_media":0,"parent":0,"menu_order":0,"comment_status":"closed","ping_status":"closed","template":"elementor_theme","meta":{"site-sidebar-layout":"no-sidebar","site-content-layout":"","ast-site-content-layout":"full-width-container","site-content-style":"default","site-sidebar-style":"default","ast-global-header-display":"","ast-banner-title-visibility":"","ast-main-header-display":"","ast-hfb-above-header-display":"","ast-hfb-below-header-display":"","ast-hfb-mobile-header-display":"","site-post-title":"disabled","ast-breadcrumbs-content":"","ast-featured-img":"disabled","footer-sml-layout":"","ast-disable-related-posts":"","theme-transparent-header-meta":"","adv-header-id-meta":"","stick-header-meta":"","header-above-stick-meta":"","header-main-stick-meta":"","header-below-stick-meta":"","astra-migrate-meta-layouts":"default","ast-page-background-enabled":"default","ast-page-background-meta":{"desktop":{"background-color":"var(--ast-global-color-4)","background-image":"","background-repeat":"repeat","background-position":"center center","background-size":"auto","background-attachment":"scroll","background-type":"","background-media":"","overlay-type":"","overlay-color":"","overlay-opacity":"","overlay-gradient":""},"tablet":{"background-color":"","background-image":"","background-repeat":"repeat","background-position":"center center","background-size":"auto","background-attachment":"scroll","background-type":"","background-media":"","overlay-type":"","overlay-color":"","overlay-opacity":"","overlay-gradient":""},"mobile":{"background-color":"","background-image":"","background-repeat":"repeat","background-position":"center center","background-size":"auto","background-attachment":"scroll","background-type":"","background-media":"","overlay-type":"","overlay-color":"","overlay-opacity":"","overlay-gradient":""}},"ast-content-background-meta":{"desktop":{"background-color":"var(--ast-global-color-5)","background-image":"","background-repeat":"repeat","background-position":"center center","background-size":"auto","background-attachment":"scroll","background-type":"","background-media":"","overlay-type":"","overlay-color":"","overlay-opacity":"","overlay-gradient":""},"tablet":{"background-color":"var(--ast-global-color-5)","background-image":"","background-repeat":"repeat","background-position":"center center","background-size":"auto","background-attachment":"scroll","background-type":"","background-media":"","overlay-type":"","overlay-color":"","overlay-opacity":"","overlay-gradient":""},"mobile":{"background-color":"var(--ast-global-color-5)","background-image":"","background-repeat":"repeat","background-position":"center center","background-size":"auto","background-attachment":"scroll","background-type":"","background-media":"","overlay-type":"","overlay-color":"","overlay-opacity":"","overlay-gradient":""}},"_joinchat":[],"footnotes":""},"class_list":["post-11","page","type-page","status-publish","hentry"],"_links":{"self":[{"href":"https:\/\/cardiologobarcelona.com\/ca\/wp-json\/wp\/v2\/pages\/11","targetHints":{"allow":["GET"]}}],"collection":[{"href":"https:\/\/cardiologobarcelona.com\/ca\/wp-json\/wp\/v2\/pages"}],"about":[{"href":"https:\/\/cardiologobarcelona.com\/ca\/wp-json\/wp\/v2\/types\/page"}],"author":[{"embeddable":true,"href":"https:\/\/cardiologobarcelona.com\/ca\/wp-json\/wp\/v2\/users\/1"}],"replies":[{"embeddable":true,"href":"https:\/\/cardiologobarcelona.com\/ca\/wp-json\/wp\/v2\/comments?post=11"}],"version-history":[{"count":121,"href":"https:\/\/cardiologobarcelona.com\/ca\/wp-json\/wp\/v2\/pages\/11\/revisions"}],"predecessor-version":[{"id":474,"href":"https:\/\/cardiologobarcelona.com\/ca\/wp-json\/wp\/v2\/pages\/11\/revisions\/474"}],"wp:attachment":[{"href":"https:\/\/cardiologobarcelona.com\/ca\/wp-json\/wp\/v2\/media?parent=11"}],"curies":[{"name":"wp","href":"https:\/\/api.w.org\/{rel}","templated":true}]}}